{"id":15,"date":"2018-02-05T18:51:47","date_gmt":"2018-02-05T17:51:47","guid":{"rendered":"http:\/\/clos-saintpaterne.com\/?page_id=15"},"modified":"2020-02-21T09:48:25","modified_gmt":"2020-02-21T08:48:25","slug":"le-perche","status":"publish","type":"page","link":"https:\/\/clos-saintpaterne.com\/index.php\/le-perche\/","title":{"rendered":"Le Perche"},"content":{"rendered":"<p><img loading=\"lazy\" class=\"alignnone wp-image-947 size-full\" src=\"http:\/\/clos-saintpaterne.com\/wp-content\/uploads\/2019\/07\/Perche_Bellou2-1.jpg\" alt=\"\" width=\"3264\" height=\"1561\" srcset=\"https:\/\/clos-saintpaterne.com\/wp-content\/uploads\/2019\/07\/Perche_Bellou2-1.jpg 3264w, https:\/\/clos-saintpaterne.com\/wp-content\/uploads\/2019\/07\/Perche_Bellou2-1-300x143.jpg 300w, https:\/\/clos-saintpaterne.com\/wp-content\/uploads\/2019\/07\/Perche_Bellou2-1-768x367.jpg 768w, https:\/\/clos-saintpaterne.com\/wp-content\/uploads\/2019\/07\/Perche_Bellou2-1-1024x490.jpg 1024w\" sizes=\"(max-width: 767px) 89vw, (max-width: 1000px) 54vw, (max-width: 1071px) 543px, 580px\" \/><\/p>\n<p style=\"text-align: justify;\">Nich\u00e9 dans la vall\u00e9e de l\u2019Huisne, au creux des collines, le Clos Saint Paterne vous propose le d\u00e9paysement total \u00e0 140 km de Paris, dans un cadre authentique et confortable.<\/p>\n<p>Des maisons aux enduits ocres et des manoirs diss\u00e9min\u00e9s dans un bocage pr\u00e9serv\u00e9, en parfaite harmonie avec une campagne vallonn\u00e9e et bois\u00e9e, vous l\u2019avez reconnu, c\u2019est le Perche\u00a0!<\/p>\n<p><a href=\"http:\/\/clos-saintpaterne.com\/wp-content\/uploads\/2019\/07\/Perche_chemin-creux_rd.jpg\" target=\"_blank\" rel=\"noopener noreferrer\"><img loading=\"lazy\" class=\"alignnone wp-image-888 size-thumbnail\" src=\"http:\/\/clos-saintpaterne.com\/wp-content\/uploads\/2019\/07\/Perche_chemin-creux_rd-150x150.jpg\" alt=\"\" width=\"142\" height=\"142\" srcset=\"https:\/\/clos-saintpaterne.com\/wp-content\/uploads\/2019\/07\/Perche_chemin-creux_rd-150x150.jpg 150w, https:\/\/clos-saintpaterne.com\/wp-content\/uploads\/2019\/07\/Perche_chemin-creux_rd-100x100.jpg 100w\" sizes=\"(max-width: 142px) 100vw, 142px\" \/><\/a> <a href=\"http:\/\/clos-saintpaterne.com\/wp-content\/uploads\/2019\/07\/Perche_manoir_rd.jpg\" target=\"_blank\" rel=\"noopener noreferrer\"><img loading=\"lazy\" class=\"alignnone wp-image-889 size-thumbnail\" src=\"http:\/\/clos-saintpaterne.com\/wp-content\/uploads\/2019\/07\/Perche_manoir_rd-150x150.jpg\" alt=\"\" width=\"142\" height=\"142\" srcset=\"https:\/\/clos-saintpaterne.com\/wp-content\/uploads\/2019\/07\/Perche_manoir_rd-150x150.jpg 150w, https:\/\/clos-saintpaterne.com\/wp-content\/uploads\/2019\/07\/Perche_manoir_rd-100x100.jpg 100w\" sizes=\"(max-width: 142px) 100vw, 142px\" \/><\/a><a href=\"http:\/\/clos-saintpaterne.com\/wp-content\/uploads\/2019\/07\/Perche_percherons_rd.jpg\" target=\"_blank\" rel=\"noopener noreferrer\"><img loading=\"lazy\" class=\"alignnone wp-image-891 size-thumbnail\" src=\"http:\/\/clos-saintpaterne.com\/wp-content\/uploads\/2019\/07\/Perche_percherons_rd-150x150.jpg\" alt=\"\" width=\"142\" height=\"142\" srcset=\"https:\/\/clos-saintpaterne.com\/wp-content\/uploads\/2019\/07\/Perche_percherons_rd-150x150.jpg 150w, https:\/\/clos-saintpaterne.com\/wp-content\/uploads\/2019\/07\/Perche_percherons_rd-100x100.jpg 100w\" sizes=\"(max-width: 142px) 100vw, 142px\" \/><\/a> <a href=\"http:\/\/clos-saintpaterne.com\/wp-content\/uploads\/2020\/02\/paysage-perche-8.jpg\" target=\"_blank\" rel=\"noopener noreferrer\"><img loading=\"lazy\" class=\"alignnone wp-image-1249 size-thumbnail\" src=\"http:\/\/clos-saintpaterne.com\/wp-content\/uploads\/2020\/02\/paysage-perche-8-150x150.jpg\" alt=\"\" width=\"142\" height=\"142\" srcset=\"https:\/\/clos-saintpaterne.com\/wp-content\/uploads\/2020\/02\/paysage-perche-8-150x150.jpg 150w, https:\/\/clos-saintpaterne.com\/wp-content\/uploads\/2020\/02\/paysage-perche-8-100x100.jpg 100w\" sizes=\"(max-width: 142px) 100vw, 142px\" \/><\/a> <a href=\"http:\/\/clos-saintpaterne.com\/wp-content\/uploads\/2020\/02\/paysage-perche-7a.jpg\" target=\"_blank\" rel=\"noopener noreferrer\"><img loading=\"lazy\" class=\"alignnone wp-image-1248 size-thumbnail\" src=\"http:\/\/clos-saintpaterne.com\/wp-content\/uploads\/2020\/02\/paysage-perche-7a-150x150.jpg\" alt=\"\" width=\"142\" height=\"142\" srcset=\"https:\/\/clos-saintpaterne.com\/wp-content\/uploads\/2020\/02\/paysage-perche-7a-150x150.jpg 150w, https:\/\/clos-saintpaterne.com\/wp-content\/uploads\/2020\/02\/paysage-perche-7a-100x100.jpg 100w\" sizes=\"(max-width: 142px) 100vw, 142px\" \/><\/a> <a href=\"http:\/\/clos-saintpaterne.com\/wp-content\/uploads\/2020\/02\/perche-paysage-5.jpg\" target=\"_blank\" rel=\"noopener noreferrer\"><img loading=\"lazy\" class=\"alignnone wp-image-1217 size-thumbnail\" src=\"http:\/\/clos-saintpaterne.com\/wp-content\/uploads\/2020\/02\/perche-paysage-5-150x150.jpg\" alt=\"\" width=\"142\" height=\"142\" srcset=\"https:\/\/clos-saintpaterne.com\/wp-content\/uploads\/2020\/02\/perche-paysage-5-150x150.jpg 150w, https:\/\/clos-saintpaterne.com\/wp-content\/uploads\/2020\/02\/perche-paysage-5-1200x1200.jpg 1200w, https:\/\/clos-saintpaterne.com\/wp-content\/uploads\/2020\/02\/perche-paysage-5-100x100.jpg 100w\" sizes=\"(max-width: 142px) 100vw, 142px\" \/><\/a> <a href=\"http:\/\/clos-saintpaterne.com\/wp-content\/uploads\/2019\/07\/Perche_champs_rd.jpeg\" target=\"_blank\" rel=\"noopener noreferrer\"><img loading=\"lazy\" class=\"alignnone wp-image-887 size-thumbnail\" src=\"http:\/\/clos-saintpaterne.com\/wp-content\/uploads\/2019\/07\/Perche_champs_rd-150x150.jpeg\" alt=\"\" width=\"142\" height=\"142\" srcset=\"https:\/\/clos-saintpaterne.com\/wp-content\/uploads\/2019\/07\/Perche_champs_rd-150x150.jpeg 150w, https:\/\/clos-saintpaterne.com\/wp-content\/uploads\/2019\/07\/Perche_champs_rd-100x100.jpeg 100w\" sizes=\"(max-width: 142px) 100vw, 142px\" \/><\/a> <a href=\"http:\/\/clos-saintpaterne.com\/wp-content\/uploads\/2020\/02\/perche-paysage-6.jpg\" target=\"_blank\" rel=\"noopener noreferrer\"><img loading=\"lazy\" class=\"alignnone wp-image-1218 size-thumbnail\" src=\"http:\/\/clos-saintpaterne.com\/wp-content\/uploads\/2020\/02\/perche-paysage-6-150x150.jpg\" alt=\"\" width=\"142\" height=\"142\" srcset=\"https:\/\/clos-saintpaterne.com\/wp-content\/uploads\/2020\/02\/perche-paysage-6-150x150.jpg 150w, https:\/\/clos-saintpaterne.com\/wp-content\/uploads\/2020\/02\/perche-paysage-6-100x100.jpg 100w\" sizes=\"(max-width: 142px) 100vw, 142px\" \/><\/a><a href=\"http:\/\/clos-saintpaterne.com\/wp-content\/uploads\/2020\/02\/perche-paysage-3.jpg\"><img loading=\"lazy\" class=\"alignnone size-thumbnail wp-image-1215\" src=\"http:\/\/clos-saintpaterne.com\/wp-content\/uploads\/2020\/02\/perche-paysage-3-150x150.jpg\" alt=\"\" width=\"142\" height=\"142\" srcset=\"https:\/\/clos-saintpaterne.com\/wp-content\/uploads\/2020\/02\/perche-paysage-3-150x150.jpg 150w, https:\/\/clos-saintpaterne.com\/wp-content\/uploads\/2020\/02\/perche-paysage-3-1200x1200.jpg 1200w, https:\/\/clos-saintpaterne.com\/wp-content\/uploads\/2020\/02\/perche-paysage-3-100x100.jpg 100w\" sizes=\"(max-width: 142px) 100vw, 142px\" \/><\/a><a href=\"http:\/\/clos-saintpaterne.com\/wp-content\/uploads\/2020\/02\/perche-paysage-2-scaled.jpg\"><img loading=\"lazy\" class=\"alignnone size-thumbnail wp-image-1214\" src=\"http:\/\/clos-saintpaterne.com\/wp-content\/uploads\/2020\/02\/perche-paysage-2-150x150.jpg\" alt=\"\" width=\"142\" height=\"142\" srcset=\"https:\/\/clos-saintpaterne.com\/wp-content\/uploads\/2020\/02\/perche-paysage-2-150x150.jpg 150w, https:\/\/clos-saintpaterne.com\/wp-content\/uploads\/2020\/02\/perche-paysage-2-100x100.jpg 100w\" sizes=\"(max-width: 142px) 100vw, 142px\" \/><\/a><\/p>\n","protected":false},"excerpt":{"rendered":"<p>Nich\u00e9 dans la vall\u00e9e de l\u2019Huisne, au creux des collines, le Clos Saint Paterne vous propose le d\u00e9paysement total \u00e0 140 km de Paris, dans un cadre authentique et confortable. Des maisons aux enduits ocres et des manoirs diss\u00e9min\u00e9s dans un bocage pr\u00e9serv\u00e9, en parfaite harmonie avec une campagne vallonn\u00e9e et bois\u00e9e, vous l\u2019avez reconnu, &hellip; <\/p>\n<p class=\"link-more\"><a href=\"https:\/\/clos-saintpaterne.com\/index.php\/le-perche\/\" class=\"more-link\">Continuer la lecture<span class=\"screen-reader-text\"> de &laquo;&nbsp;Le Perche&nbsp;&raquo;<\/span><\/a><\/p>\n","protected":false},"author":1,"featured_media":0,"parent":0,"menu_order":0,"comment_status":"closed","ping_status":"closed","template":"","meta":[],"_links":{"self":[{"href":"https:\/\/clos-saintpaterne.com\/index.php\/wp-json\/wp\/v2\/pages\/15"}],"collection":[{"href":"https:\/\/clos-saintpaterne.com\/index.php\/wp-json\/wp\/v2\/pages"}],"about":[{"href":"https:\/\/clos-saintpaterne.com\/index.php\/wp-json\/wp\/v2\/types\/page"}],"author":[{"embeddable":true,"href":"https:\/\/clos-saintpaterne.com\/index.php\/wp-json\/wp\/v2\/users\/1"}],"replies":[{"embeddable":true,"href":"https:\/\/clos-saintpaterne.com\/index.php\/wp-json\/wp\/v2\/comments?post=15"}],"version-history":[{"count":105,"href":"https:\/\/clos-saintpaterne.com\/index.php\/wp-json\/wp\/v2\/pages\/15\/revisions"}],"predecessor-version":[{"id":1295,"href":"https:\/\/clos-saintpaterne.com\/index.php\/wp-json\/wp\/v2\/pages\/15\/revisions\/1295"}],"wp:attachment":[{"href":"https:\/\/clos-saintpaterne.com\/index.php\/wp-json\/wp\/v2\/media?parent=15"}],"curies":[{"name":"wp","href":"https:\/\/api.w.org\/{rel}","templated":true}]}}