{"id":17,"date":"2018-02-05T18:53:27","date_gmt":"2018-02-05T17:53:27","guid":{"rendered":"http:\/\/clos-saintpaterne.com\/?page_id=17"},"modified":"2025-05-25T15:30:11","modified_gmt":"2025-05-25T13:30:11","slug":"la-suite","status":"publish","type":"page","link":"https:\/\/clos-saintpaterne.com\/index.php\/la-suite\/","title":{"rendered":"La Suite"},"content":{"rendered":"<p><a href=\"http:\/\/clos-saintpaterne.com\/wp-content\/uploads\/2019\/11\/suite_chambre2.jpg\" target=\"_blank\" rel=\"noopener noreferrer\"><img loading=\"lazy\" class=\"alignnone wp-image-1025 size-thumbnail\" src=\"http:\/\/clos-saintpaterne.com\/wp-content\/uploads\/2019\/11\/suite_chambre2-150x150.jpg\" alt=\"\" width=\"150\" height=\"150\" srcset=\"https:\/\/clos-saintpaterne.com\/wp-content\/uploads\/2019\/11\/suite_chambre2-150x150.jpg 150w, https:\/\/clos-saintpaterne.com\/wp-content\/uploads\/2019\/11\/suite_chambre2-100x100.jpg 100w\" sizes=\"(max-width: 150px) 100vw, 150px\" \/><\/a><a href=\"http:\/\/clos-saintpaterne.com\/wp-content\/uploads\/2019\/07\/suite_cuisine3_rd.jpg\" target=\"_blank\" rel=\"noopener noreferrer\"><img loading=\"lazy\" class=\"alignnone wp-image-753 size-thumbnail\" src=\"http:\/\/clos-saintpaterne.com\/wp-content\/uploads\/2019\/07\/suite_cuisine3_rd-150x150.jpg\" alt=\"\" width=\"150\" height=\"150\" srcset=\"https:\/\/clos-saintpaterne.com\/wp-content\/uploads\/2019\/07\/suite_cuisine3_rd-150x150.jpg 150w, https:\/\/clos-saintpaterne.com\/wp-content\/uploads\/2019\/07\/suite_cuisine3_rd-100x100.jpg 100w\" sizes=\"(max-width: 150px) 100vw, 150px\" \/><\/a><a href=\"http:\/\/clos-saintpaterne.com\/wp-content\/uploads\/2019\/07\/suite_piece-\u00e0-vivre3.jpg\" target=\"_blank\" rel=\"noopener noreferrer\"><img loading=\"lazy\" class=\"alignnone wp-image-757 size-thumbnail\" src=\"http:\/\/clos-saintpaterne.com\/wp-content\/uploads\/2019\/07\/suite_piece-\u00e0-vivre3-150x150.jpg\" alt=\"\" width=\"150\" height=\"150\" srcset=\"https:\/\/clos-saintpaterne.com\/wp-content\/uploads\/2019\/07\/suite_piece-\u00e0-vivre3-150x150.jpg 150w, https:\/\/clos-saintpaterne.com\/wp-content\/uploads\/2019\/07\/suite_piece-\u00e0-vivre3-100x100.jpg 100w\" sizes=\"(max-width: 150px) 100vw, 150px\" \/><\/a><a href=\"http:\/\/clos-saintpaterne.com\/wp-content\/uploads\/2019\/07\/suite_sdb2_rd.jpg\" target=\"_blank\" rel=\"noopener noreferrer\"><img loading=\"lazy\" class=\"alignnone wp-image-758 size-thumbnail\" src=\"http:\/\/clos-saintpaterne.com\/wp-content\/uploads\/2019\/07\/suite_sdb2_rd-150x150.jpg\" alt=\"\" width=\"150\" height=\"150\" srcset=\"https:\/\/clos-saintpaterne.com\/wp-content\/uploads\/2019\/07\/suite_sdb2_rd-150x150.jpg 150w, https:\/\/clos-saintpaterne.com\/wp-content\/uploads\/2019\/07\/suite_sdb2_rd-100x100.jpg 100w\" sizes=\"(max-width: 150px) 100vw, 150px\" \/><\/a><a href=\"http:\/\/clos-saintpaterne.com\/wp-content\/uploads\/2019\/07\/suite_sdb3_rd.jpg\" target=\"_blank\" rel=\"noopener noreferrer\"><img loading=\"lazy\" class=\"alignnone wp-image-759 size-thumbnail\" src=\"http:\/\/clos-saintpaterne.com\/wp-content\/uploads\/2019\/07\/suite_sdb3_rd-150x150.jpg\" alt=\"\" width=\"150\" height=\"150\" srcset=\"https:\/\/clos-saintpaterne.com\/wp-content\/uploads\/2019\/07\/suite_sdb3_rd-150x150.jpg 150w, https:\/\/clos-saintpaterne.com\/wp-content\/uploads\/2019\/07\/suite_sdb3_rd-100x100.jpg 100w\" sizes=\"(max-width: 150px) 100vw, 150px\" \/><\/a><a href=\"http:\/\/clos-saintpaterne.com\/wp-content\/uploads\/2019\/07\/suite_piece-\u00e0-vivre1.jpg\" target=\"_blank\" rel=\"noopener noreferrer\"><img loading=\"lazy\" class=\"alignnone wp-image-756 size-thumbnail\" src=\"http:\/\/clos-saintpaterne.com\/wp-content\/uploads\/2019\/07\/suite_piece-\u00e0-vivre1-150x150.jpg\" alt=\"\" width=\"150\" height=\"150\" srcset=\"https:\/\/clos-saintpaterne.com\/wp-content\/uploads\/2019\/07\/suite_piece-\u00e0-vivre1-150x150.jpg 150w, https:\/\/clos-saintpaterne.com\/wp-content\/uploads\/2019\/07\/suite_piece-\u00e0-vivre1-100x100.jpg 100w\" sizes=\"(max-width: 150px) 100vw, 150px\" \/><\/a><a href=\"http:\/\/clos-saintpaterne.com\/wp-content\/uploads\/2019\/07\/suite_cuisine5_rd.jpg\" target=\"_blank\" rel=\"noopener noreferrer\"><img loading=\"lazy\" class=\"alignnone wp-image-754 size-thumbnail\" src=\"http:\/\/clos-saintpaterne.com\/wp-content\/uploads\/2019\/07\/suite_cuisine5_rd-150x150.jpg\" alt=\"\" width=\"150\" height=\"150\" srcset=\"https:\/\/clos-saintpaterne.com\/wp-content\/uploads\/2019\/07\/suite_cuisine5_rd-150x150.jpg 150w, https:\/\/clos-saintpaterne.com\/wp-content\/uploads\/2019\/07\/suite_cuisine5_rd-100x100.jpg 100w\" sizes=\"(max-width: 150px) 100vw, 150px\" \/><\/a><a href=\"http:\/\/clos-saintpaterne.com\/wp-content\/uploads\/2019\/07\/suite_chambre_rd.jpg\" target=\"_blank\" rel=\"noopener noreferrer\"><img loading=\"lazy\" class=\"alignnone wp-image-752 size-thumbnail\" src=\"http:\/\/clos-saintpaterne.com\/wp-content\/uploads\/2019\/07\/suite_chambre_rd-150x150.jpg\" alt=\"\" width=\"150\" height=\"150\" srcset=\"https:\/\/clos-saintpaterne.com\/wp-content\/uploads\/2019\/07\/suite_chambre_rd-150x150.jpg 150w, https:\/\/clos-saintpaterne.com\/wp-content\/uploads\/2019\/07\/suite_chambre_rd-100x100.jpg 100w\" sizes=\"(max-width: 150px) 100vw, 150px\" \/><\/a><\/p>\n<p style=\"text-align: justify;\">Un g\u00eete de 65m\u00b2 est confortablement agenc\u00e9 en rez-de-jardin, dans un corps de b\u00e2timent attenant \u00e0 la maison principale. Il dispose d&rsquo;une entr\u00e9e ind\u00e9pendante, d\u2019une chambre spacieuse am\u00e9nag\u00e9e avec un lit double (160&#215;200 ou 2 lits 80&#215;200) agr\u00e9ment\u00e9e d&rsquo;une salle d&rsquo;eau avec douche italienne et wc, et d&rsquo;une pi\u00e8ce \u00e0 vivre \u00e9quip\u00e9e d\u2019un espace cuisine.<\/p>\n\n\n<div class=\"wp-block-columns\">\n<div class=\"wp-block-column\">\n<ul><li> Capacit\u00e9&nbsp;: 2 personnes  <\/li><li>Po\u00eale \u00e0 bois<\/li><li>Jardin 4000 m\u00b2\/Potager\/Puits<\/li><li>Parking <\/li><li>Wifi \/ T\u00e9l\u00e9vision<\/li><li>Radio enceinte bluetooth <\/li><\/ul>\n<\/div>\n\n\n\n<div class=\"wp-block-column\">\n<ul><li>Lave linge, S\u00e8che linge<\/li><li>Four, plaque de cuisson, micro-ondes<\/li><li>Lave vaisselle<\/li><li>R\u00e9frig\u00e9rateur<\/li><li>Fer et planche \u00e0 repasser<\/li><li>S\u00e8che cheveux<\/li><li>Mat\u00e9riel de pu\u00e9riculture<\/li><\/ul>\n<\/div>\n<\/div>\n\n\n\n<figure class=\"wp-block-image is-resized\"><img loading=\"lazy\" src=\"http:\/\/clos-saintpaterne.com\/wp-content\/uploads\/2019\/05\/Jardin1.jpg\" alt=\"\" class=\"wp-image-396\" width=\"729\" height=\"202\" srcset=\"https:\/\/clos-saintpaterne.com\/wp-content\/uploads\/2019\/05\/Jardin1.jpg 4320w, https:\/\/clos-saintpaterne.com\/wp-content\/uploads\/2019\/05\/Jardin1-300x83.jpg 300w, https:\/\/clos-saintpaterne.com\/wp-content\/uploads\/2019\/05\/Jardin1-768x213.jpg 768w, https:\/\/clos-saintpaterne.com\/wp-content\/uploads\/2019\/05\/Jardin1-1024x284.jpg 1024w\" sizes=\"(max-width: 729px) 100vw, 729px\" \/><\/figure>\n\n\n\n<p>Notre mobilier d\u2019ext\u00e9rieur est \u00e0 votre disposition : salon de jardin, chaises longues, hamac, parasol, barbecue, tennis de table, v\u00e9los.<\/p>\n","protected":false},"excerpt":{"rendered":"<p>Un g\u00eete de 65m\u00b2 est confortablement agenc\u00e9 en rez-de-jardin, dans un corps de b\u00e2timent attenant \u00e0 la maison principale. Il dispose d&rsquo;une entr\u00e9e ind\u00e9pendante, d\u2019une chambre spacieuse am\u00e9nag\u00e9e avec un lit double (160&#215;200 ou 2 lits 80&#215;200) agr\u00e9ment\u00e9e d&rsquo;une salle d&rsquo;eau avec douche italienne et wc, et d&rsquo;une pi\u00e8ce \u00e0 vivre \u00e9quip\u00e9e d\u2019un espace cuisine. &hellip; <\/p>\n<p class=\"link-more\"><a href=\"https:\/\/clos-saintpaterne.com\/index.php\/la-suite\/\" class=\"more-link\">Continuer la lecture<span class=\"screen-reader-text\"> de &laquo;&nbsp;La Suite&nbsp;&raquo;<\/span><\/a><\/p>\n","protected":false},"author":1,"featured_media":0,"parent":0,"menu_order":0,"comment_status":"closed","ping_status":"closed","template":"","meta":[],"_links":{"self":[{"href":"https:\/\/clos-saintpaterne.com\/index.php\/wp-json\/wp\/v2\/pages\/17"}],"collection":[{"href":"https:\/\/clos-saintpaterne.com\/index.php\/wp-json\/wp\/v2\/pages"}],"about":[{"href":"https:\/\/clos-saintpaterne.com\/index.php\/wp-json\/wp\/v2\/types\/page"}],"author":[{"embeddable":true,"href":"https:\/\/clos-saintpaterne.com\/index.php\/wp-json\/wp\/v2\/users\/1"}],"replies":[{"embeddable":true,"href":"https:\/\/clos-saintpaterne.com\/index.php\/wp-json\/wp\/v2\/comments?post=17"}],"version-history":[{"count":81,"href":"https:\/\/clos-saintpaterne.com\/index.php\/wp-json\/wp\/v2\/pages\/17\/revisions"}],"predecessor-version":[{"id":1421,"href":"https:\/\/clos-saintpaterne.com\/index.php\/wp-json\/wp\/v2\/pages\/17\/revisions\/1421"}],"wp:attachment":[{"href":"https:\/\/clos-saintpaterne.com\/index.php\/wp-json\/wp\/v2\/media?parent=17"}],"curies":[{"name":"wp","href":"https:\/\/api.w.org\/{rel}","templated":true}]}}