{"id":19,"date":"2018-02-05T18:53:47","date_gmt":"2018-02-05T17:53:47","guid":{"rendered":"http:\/\/clos-saintpaterne.com\/?page_id=19"},"modified":"2025-05-25T15:32:05","modified_gmt":"2025-05-25T13:32:05","slug":"le-jardin","status":"publish","type":"page","link":"https:\/\/clos-saintpaterne.com\/index.php\/le-jardin\/","title":{"rendered":"Le Jardin"},"content":{"rendered":"<p>Derri\u00e8re la maison, un carr\u00e9 de plantes aromatiques vous invite \u00e0 appr\u00e9cier l\u2019atmosph\u00e8re paisible du jardin clos, arbor\u00e9 et fleuri, dont la vue s&rsquo;\u00e9tend sur la campagne percheronne.<\/p>\n<p><a href=\"http:\/\/clos-saintpaterne.com\/wp-content\/uploads\/2019\/07\/jardin_DSC00747_rd.jpg\" target=\"_blank\" rel=\"noopener noreferrer\"><img loading=\"lazy\" class=\"alignnone wp-image-792 size-thumbnail\" src=\"http:\/\/clos-saintpaterne.com\/wp-content\/uploads\/2019\/07\/jardin_DSC00747_rd-150x150.jpg\" alt=\"\" width=\"150\" height=\"150\" srcset=\"https:\/\/clos-saintpaterne.com\/wp-content\/uploads\/2019\/07\/jardin_DSC00747_rd-150x150.jpg 150w, https:\/\/clos-saintpaterne.com\/wp-content\/uploads\/2019\/07\/jardin_DSC00747_rd-100x100.jpg 100w\" sizes=\"(max-width: 150px) 100vw, 150px\" \/><\/a> <a href=\"http:\/\/clos-saintpaterne.com\/wp-content\/uploads\/2019\/07\/jardin_163235_rd.jpeg\" target=\"_blank\" rel=\"noopener noreferrer\"><img loading=\"lazy\" class=\"alignnone wp-image-811 size-thumbnail\" src=\"http:\/\/clos-saintpaterne.com\/wp-content\/uploads\/2019\/07\/jardin_163235_rd-150x150.jpeg\" alt=\"\" width=\"150\" height=\"150\" srcset=\"https:\/\/clos-saintpaterne.com\/wp-content\/uploads\/2019\/07\/jardin_163235_rd-150x150.jpeg 150w, https:\/\/clos-saintpaterne.com\/wp-content\/uploads\/2019\/07\/jardin_163235_rd-100x100.jpeg 100w\" sizes=\"(max-width: 150px) 100vw, 150px\" \/><\/a> <a href=\"http:\/\/clos-saintpaterne.com\/wp-content\/uploads\/2019\/07\/jardin_2113_rd.jpg\" target=\"_blank\" rel=\"noopener noreferrer\"><img loading=\"lazy\" class=\"alignnone wp-image-916 size-thumbnail\" src=\"http:\/\/clos-saintpaterne.com\/wp-content\/uploads\/2019\/07\/jardin_2113_rd-150x150.jpg\" alt=\"\" width=\"150\" height=\"150\" srcset=\"https:\/\/clos-saintpaterne.com\/wp-content\/uploads\/2019\/07\/jardin_2113_rd-150x150.jpg 150w, https:\/\/clos-saintpaterne.com\/wp-content\/uploads\/2019\/07\/jardin_2113_rd-100x100.jpg 100w\" sizes=\"(max-width: 150px) 100vw, 150px\" \/><\/a><a href=\"http:\/\/clos-saintpaterne.com\/wp-content\/uploads\/2019\/07\/jardin_DSC00755_rd.jpg\" target=\"_blank\" rel=\"noopener noreferrer\"><img loading=\"lazy\" class=\"alignnone wp-image-793 size-thumbnail\" src=\"http:\/\/clos-saintpaterne.com\/wp-content\/uploads\/2019\/07\/jardin_DSC00755_rd-150x150.jpg\" alt=\"\" width=\"150\" height=\"150\" srcset=\"https:\/\/clos-saintpaterne.com\/wp-content\/uploads\/2019\/07\/jardin_DSC00755_rd-150x150.jpg 150w, https:\/\/clos-saintpaterne.com\/wp-content\/uploads\/2019\/07\/jardin_DSC00755_rd-100x100.jpg 100w\" sizes=\"(max-width: 150px) 100vw, 150px\" \/><\/a> <a href=\"http:\/\/clos-saintpaterne.com\/wp-content\/uploads\/2019\/07\/jardin_DSC00628_rd.jpg\" target=\"_blank\" rel=\"noopener noreferrer\"><img loading=\"lazy\" class=\"alignnone wp-image-791 size-thumbnail\" src=\"http:\/\/clos-saintpaterne.com\/wp-content\/uploads\/2019\/07\/jardin_DSC00628_rd-150x150.jpg\" alt=\"\" width=\"150\" height=\"150\" srcset=\"https:\/\/clos-saintpaterne.com\/wp-content\/uploads\/2019\/07\/jardin_DSC00628_rd-150x150.jpg 150w, https:\/\/clos-saintpaterne.com\/wp-content\/uploads\/2019\/07\/jardin_DSC00628_rd-100x100.jpg 100w\" sizes=\"(max-width: 150px) 100vw, 150px\" \/><\/a> <a href=\"http:\/\/clos-saintpaterne.com\/wp-content\/uploads\/2019\/07\/jardin_1628558_rd.jpeg\" target=\"_blank\" rel=\"noopener noreferrer\"><img loading=\"lazy\" class=\"alignnone wp-image-821 size-thumbnail\" src=\"http:\/\/clos-saintpaterne.com\/wp-content\/uploads\/2019\/07\/jardin_1628558_rd-150x150.jpeg\" alt=\"\" width=\"150\" height=\"150\" srcset=\"https:\/\/clos-saintpaterne.com\/wp-content\/uploads\/2019\/07\/jardin_1628558_rd-150x150.jpeg 150w, https:\/\/clos-saintpaterne.com\/wp-content\/uploads\/2019\/07\/jardin_1628558_rd-100x100.jpeg 100w\" sizes=\"(max-width: 150px) 100vw, 150px\" \/><\/a> <a href=\"http:\/\/clos-saintpaterne.com\/wp-content\/uploads\/2019\/07\/jardin_DSC00609_rd.jpg\" target=\"_blank\" rel=\"noopener noreferrer\"><img loading=\"lazy\" class=\"alignnone wp-image-790 size-thumbnail\" src=\"http:\/\/clos-saintpaterne.com\/wp-content\/uploads\/2019\/07\/jardin_DSC00609_rd-150x150.jpg\" alt=\"\" width=\"150\" height=\"150\" srcset=\"https:\/\/clos-saintpaterne.com\/wp-content\/uploads\/2019\/07\/jardin_DSC00609_rd-150x150.jpg 150w, https:\/\/clos-saintpaterne.com\/wp-content\/uploads\/2019\/07\/jardin_DSC00609_rd-100x100.jpg 100w\" sizes=\"(max-width: 150px) 100vw, 150px\" \/><\/a> <a href=\"http:\/\/clos-saintpaterne.com\/wp-content\/uploads\/2019\/07\/jatrdin_195226_rd.jpg\" target=\"_blank\" rel=\"noopener noreferrer\"><img loading=\"lazy\" class=\"alignnone wp-image-857 size-thumbnail\" src=\"http:\/\/clos-saintpaterne.com\/wp-content\/uploads\/2019\/07\/jatrdin_195226_rd-150x150.jpg\" alt=\"\" width=\"150\" height=\"150\" srcset=\"https:\/\/clos-saintpaterne.com\/wp-content\/uploads\/2019\/07\/jatrdin_195226_rd-150x150.jpg 150w, https:\/\/clos-saintpaterne.com\/wp-content\/uploads\/2019\/07\/jatrdin_195226_rd-100x100.jpg 100w\" sizes=\"(max-width: 150px) 100vw, 150px\" \/><\/a> <a href=\"http:\/\/clos-saintpaterne.com\/wp-content\/uploads\/2019\/07\/jardin_130926_rd.jpeg\" target=\"_blank\" rel=\"noopener noreferrer\"><img loading=\"lazy\" class=\"alignnone wp-image-856 size-thumbnail\" src=\"http:\/\/clos-saintpaterne.com\/wp-content\/uploads\/2019\/07\/jardin_130926_rd-150x150.jpeg\" alt=\"\" width=\"150\" height=\"150\" srcset=\"https:\/\/clos-saintpaterne.com\/wp-content\/uploads\/2019\/07\/jardin_130926_rd-150x150.jpeg 150w, https:\/\/clos-saintpaterne.com\/wp-content\/uploads\/2019\/07\/jardin_130926_rd-100x100.jpeg 100w\" sizes=\"(max-width: 150px) 100vw, 150px\" \/><\/a> <a href=\"http:\/\/clos-saintpaterne.com\/wp-content\/uploads\/2019\/07\/jardin_DSC00685_rd.jpg\" target=\"_blank\" rel=\"noopener noreferrer\"><img loading=\"lazy\" class=\"alignnone wp-image-876 size-thumbnail\" src=\"http:\/\/clos-saintpaterne.com\/wp-content\/uploads\/2019\/07\/jardin_DSC00685_rd-150x150.jpg\" alt=\"\" width=\"150\" height=\"150\" srcset=\"https:\/\/clos-saintpaterne.com\/wp-content\/uploads\/2019\/07\/jardin_DSC00685_rd-150x150.jpg 150w, https:\/\/clos-saintpaterne.com\/wp-content\/uploads\/2019\/07\/jardin_DSC00685_rd-100x100.jpg 100w\" sizes=\"(max-width: 150px) 100vw, 150px\" \/><\/a> <a href=\"http:\/\/clos-saintpaterne.com\/wp-content\/uploads\/2019\/07\/jardin_DSC00670_rd.jpg\" target=\"_blank\" rel=\"noopener noreferrer\"><img loading=\"lazy\" class=\"alignnone wp-image-875 size-thumbnail\" src=\"http:\/\/clos-saintpaterne.com\/wp-content\/uploads\/2019\/07\/jardin_DSC00670_rd-150x150.jpg\" alt=\"\" width=\"150\" height=\"150\" srcset=\"https:\/\/clos-saintpaterne.com\/wp-content\/uploads\/2019\/07\/jardin_DSC00670_rd-150x150.jpg 150w, https:\/\/clos-saintpaterne.com\/wp-content\/uploads\/2019\/07\/jardin_DSC00670_rd-100x100.jpg 100w\" sizes=\"(max-width: 150px) 100vw, 150px\" \/><\/a>\u00a0<a href=\"http:\/\/clos-saintpaterne.com\/wp-content\/uploads\/2019\/09\/jardin_01110_rd.jpg\" target=\"_blank\" rel=\"noopener noreferrer\"><img loading=\"lazy\" class=\"alignnone wp-image-968 size-thumbnail\" src=\"http:\/\/clos-saintpaterne.com\/wp-content\/uploads\/2019\/09\/jardin_01110_rd-150x150.jpg\" alt=\"\" width=\"150\" height=\"150\" srcset=\"https:\/\/clos-saintpaterne.com\/wp-content\/uploads\/2019\/09\/jardin_01110_rd-150x150.jpg 150w, https:\/\/clos-saintpaterne.com\/wp-content\/uploads\/2019\/09\/jardin_01110_rd-100x100.jpg 100w\" sizes=\"(max-width: 150px) 100vw, 150px\" \/><\/a><\/p>\n<p>\u00a0<\/p>\n<p>\u00a0 \u00a0 \u00a0 \u00a0\u00a0 \u00a0\u00a0<\/p>\n\n\n<p><\/p>\n","protected":false},"excerpt":{"rendered":"<p>Derri\u00e8re la maison, un carr\u00e9 de plantes aromatiques vous invite \u00e0 appr\u00e9cier l\u2019atmosph\u00e8re paisible du jardin clos, arbor\u00e9 et fleuri, dont la vue s&rsquo;\u00e9tend sur la campagne percheronne. \u00a0 \u00a0 \u00a0 \u00a0 \u00a0 \u00a0\u00a0 \u00a0\u00a0<\/p>\n","protected":false},"author":1,"featured_media":0,"parent":0,"menu_order":0,"comment_status":"closed","ping_status":"closed","template":"","meta":[],"_links":{"self":[{"href":"https:\/\/clos-saintpaterne.com\/index.php\/wp-json\/wp\/v2\/pages\/19"}],"collection":[{"href":"https:\/\/clos-saintpaterne.com\/index.php\/wp-json\/wp\/v2\/pages"}],"about":[{"href":"https:\/\/clos-saintpaterne.com\/index.php\/wp-json\/wp\/v2\/types\/page"}],"author":[{"embeddable":true,"href":"https:\/\/clos-saintpaterne.com\/index.php\/wp-json\/wp\/v2\/users\/1"}],"replies":[{"embeddable":true,"href":"https:\/\/clos-saintpaterne.com\/index.php\/wp-json\/wp\/v2\/comments?post=19"}],"version-history":[{"count":140,"href":"https:\/\/clos-saintpaterne.com\/index.php\/wp-json\/wp\/v2\/pages\/19\/revisions"}],"predecessor-version":[{"id":1423,"href":"https:\/\/clos-saintpaterne.com\/index.php\/wp-json\/wp\/v2\/pages\/19\/revisions\/1423"}],"wp:attachment":[{"href":"https:\/\/clos-saintpaterne.com\/index.php\/wp-json\/wp\/v2\/media?parent=19"}],"curies":[{"name":"wp","href":"https:\/\/api.w.org\/{rel}","templated":true}]}}