{"id":473,"date":"2019-05-11T09:14:53","date_gmt":"2019-05-11T07:14:53","guid":{"rendered":"http:\/\/clos-saintpaterne.com\/?page_id=473"},"modified":"2019-07-11T10:20:15","modified_gmt":"2019-07-11T08:20:15","slug":"loisirs","status":"publish","type":"page","link":"https:\/\/clos-saintpaterne.com\/index.php\/loisirs\/","title":{"rendered":"Loisirs"},"content":{"rendered":"<p>Partir \u00e0 l\u2019assaut du Perche en vous adonnant \u00e0 vos activit\u00e9s pr\u00e9f\u00e9r\u00e9es&#8230;.<\/p>\n<p><a href=\"http:\/\/clos-saintpaterne.com\/wp-content\/uploads\/2019\/04\/pecher-150x150.jpg\"><img loading=\"lazy\" class=\"alignnone\" src=\"http:\/\/clos-saintpaterne.com\/wp-content\/uploads\/2019\/04\/pecher-150x150.jpg\" alt=\"\" width=\"120\" height=\"120\" \/><\/a><a href=\"http:\/\/clos-saintpaterne.com\/wp-content\/uploads\/2019\/06\/perche-velo-150x150.jpg\"><img loading=\"lazy\" class=\"alignnone\" src=\"http:\/\/clos-saintpaterne.com\/wp-content\/uploads\/2019\/06\/perche-velo-150x150.jpg\" alt=\"\" width=\"120\" height=\"120\" \/><\/a><a href=\"http:\/\/clos-saintpaterne.com\/wp-content\/uploads\/2019\/05\/proust-illiers-combray-epingle-pinterest-mylittleroad-400x600.jpg\" target=\"_blank\" rel=\"noopener\"><img loading=\"lazy\" class=\"alignnone\" src=\"http:\/\/clos-saintpaterne.com\/wp-content\/uploads\/2019\/05\/proust-illiers-combray-epingle-pinterest-mylittleroad-400x600-150x150.jpg\" alt=\"\" width=\"120\" height=\"120\" \/><\/a><a href=\"http:\/\/clos-saintpaterne.com\/wp-content\/uploads\/2019\/05\/restos.jpg\" target=\"_blank\" rel=\"noopener\"><img loading=\"lazy\" class=\"alignnone\" src=\"http:\/\/clos-saintpaterne.com\/wp-content\/uploads\/2019\/05\/restos-150x150.jpg\" alt=\"\" width=\"120\" height=\"120\" \/><\/a><a href=\"http:\/\/clos-saintpaterne.com\/wp-content\/uploads\/2019\/05\/brocante.jpg\" target=\"_blank\" rel=\"noopener\"><img loading=\"lazy\" class=\"alignnone\" src=\"http:\/\/clos-saintpaterne.com\/wp-content\/uploads\/2019\/05\/brocante-150x150.jpg\" alt=\"\" width=\"120\" height=\"120\" \/><\/a><a href=\"http:\/\/clos-saintpaterne.com\/wp-content\/uploads\/2019\/04\/marche-\u00e0-pied-2.jpg\" target=\"_blank\" rel=\"noopener\"><img loading=\"lazy\" class=\"alignnone\" src=\"http:\/\/clos-saintpaterne.com\/wp-content\/uploads\/2019\/04\/marche-\u00e0-pied-2-150x150.jpg\" alt=\"\" width=\"120\" height=\"120\" \/><\/a><\/p>\n<h5><a href=\"http:\/\/clos-saintpaterne.com\/index.php\/accueil-velo\/\" rel=\"noopener\">\u2666 ACCUEIL\u00a0V\u00e9lo<\/a><\/h5>\n<h5><a href=\"http:\/\/clos-saintpaterne.com\/index.php\/activites-sportives\/\" rel=\"noopener\">\u2666 Activit\u00e9s Sportives<\/a><\/h5>\n<h5><a href=\"http:\/\/clos-saintpaterne.com\/index.php\/culture-et-divertissements\/\" rel=\"noopener\">\u2666 Culture et Divertissements<\/a><\/h5>\n","protected":false},"excerpt":{"rendered":"<p>Partir \u00e0 l\u2019assaut du Perche en vous adonnant \u00e0 vos activit\u00e9s pr\u00e9f\u00e9r\u00e9es&#8230;. \u2666 ACCUEIL\u00a0V\u00e9lo \u2666 Activit\u00e9s Sportives \u2666 Culture et Divertissements<\/p>\n","protected":false},"author":1,"featured_media":0,"parent":0,"menu_order":0,"comment_status":"closed","ping_status":"closed","template":"","meta":[],"_links":{"self":[{"href":"https:\/\/clos-saintpaterne.com\/index.php\/wp-json\/wp\/v2\/pages\/473"}],"collection":[{"href":"https:\/\/clos-saintpaterne.com\/index.php\/wp-json\/wp\/v2\/pages"}],"about":[{"href":"https:\/\/clos-saintpaterne.com\/index.php\/wp-json\/wp\/v2\/types\/page"}],"author":[{"embeddable":true,"href":"https:\/\/clos-saintpaterne.com\/index.php\/wp-json\/wp\/v2\/users\/1"}],"replies":[{"embeddable":true,"href":"https:\/\/clos-saintpaterne.com\/index.php\/wp-json\/wp\/v2\/comments?post=473"}],"version-history":[{"count":41,"href":"https:\/\/clos-saintpaterne.com\/index.php\/wp-json\/wp\/v2\/pages\/473\/revisions"}],"predecessor-version":[{"id":930,"href":"https:\/\/clos-saintpaterne.com\/index.php\/wp-json\/wp\/v2\/pages\/473\/revisions\/930"}],"wp:attachment":[{"href":"https:\/\/clos-saintpaterne.com\/index.php\/wp-json\/wp\/v2\/media?parent=473"}],"curies":[{"name":"wp","href":"https:\/\/api.w.org\/{rel}","templated":true}]}}