{"id":528,"date":"2019-05-28T11:06:36","date_gmt":"2019-05-28T09:06:36","guid":{"rendered":"http:\/\/clos-saintpaterne.com\/?page_id=528"},"modified":"2024-06-05T13:11:22","modified_gmt":"2024-06-05T11:11:22","slug":"accueil-velo","status":"publish","type":"page","link":"https:\/\/clos-saintpaterne.com\/index.php\/accueil-velo\/","title":{"rendered":"Accueil V\u00e9lo"},"content":{"rendered":"<p>Situ\u00e9 en acc\u00e8s direct sur la Voie Verte, le Clos Saint Paterne est labellis\u00e9 Accueil V\u00e9lo.<img loading=\"lazy\" class=\"size-full wp-image-554 alignright\" src=\"http:\/\/clos-saintpaterne.com\/wp-content\/uploads\/2019\/05\/logo-accueil-velo-fr_small.jpg\" alt=\"\" width=\"79\" height=\"79\" \/><\/p>\n<p>Accueil V\u00e9lo est une marque nationale qui garantit un accueil de qualit\u00e9 le long des itin\u00e9raires cyclables et voies vertes\u00a0:<\/p>\n<ul>\n<li>Un local pour ranger votre v\u00e9lo, un point d\u2019eau, ainsi que du petit mat\u00e9riel de r\u00e9paration.<\/li>\n<li>Possibilit\u00e9 de pr\u00eat de v\u00e9los.<\/li>\n<li>Un classeur, \u00e9labor\u00e9 par l\u2019Office de Tourisme C\u0153ur du Perche,\u00a0 comportant des cartes et itin\u00e9raires cyclo-touristiques \u00e0 partir de la Voie Verte, ou des circuits VTT est en consultation libre.<\/li>\n<li>Un lave-linge et un s\u00e8che-linge sont \u00e0 votre disposition dans le g\u00eete.<\/li>\n<li>Sur demande un petit d\u00e9jeuner \u00e9nerg\u00e9tique adapt\u00e9 \u00e0 l\u2019effort des sportifs (12\u20ac\/pers.)<\/li>\n<li>Des conseils sur les sites de visites ou la restauration \u00e0 proximit\u00e9.<\/li>\n<\/ul>\n<p><a href=\"http:\/\/clos-saintpaterne.com\/wp-content\/uploads\/2019\/07\/accuel_velo_182543_rd.jpg\" target=\"_blank\" rel=\"noopener noreferrer\"><img loading=\"lazy\" class=\"alignnone wp-image-918 size-full\" src=\"http:\/\/clos-saintpaterne.com\/wp-content\/uploads\/2019\/07\/accuel_velo_182543_rd.jpg\" alt=\"\" width=\"1524\" height=\"683\" srcset=\"https:\/\/clos-saintpaterne.com\/wp-content\/uploads\/2019\/07\/accuel_velo_182543_rd.jpg 1524w, https:\/\/clos-saintpaterne.com\/wp-content\/uploads\/2019\/07\/accuel_velo_182543_rd-300x134.jpg 300w, https:\/\/clos-saintpaterne.com\/wp-content\/uploads\/2019\/07\/accuel_velo_182543_rd-768x344.jpg 768w, https:\/\/clos-saintpaterne.com\/wp-content\/uploads\/2019\/07\/accuel_velo_182543_rd-1024x459.jpg 1024w\" sizes=\"(max-width: 767px) 89vw, (max-width: 1000px) 54vw, (max-width: 1071px) 543px, 580px\" \/><\/a><\/p>\n","protected":false},"excerpt":{"rendered":"<p>Situ\u00e9 en acc\u00e8s direct sur la Voie Verte, le Clos Saint Paterne est labellis\u00e9 Accueil V\u00e9lo. Accueil V\u00e9lo est une marque nationale qui garantit un accueil de qualit\u00e9 le long des itin\u00e9raires cyclables et voies vertes\u00a0: Un local pour ranger votre v\u00e9lo, un point d\u2019eau, ainsi que du petit mat\u00e9riel de r\u00e9paration. Possibilit\u00e9 de pr\u00eat &hellip; <\/p>\n<p class=\"link-more\"><a href=\"https:\/\/clos-saintpaterne.com\/index.php\/accueil-velo\/\" class=\"more-link\">Continuer la lecture<span class=\"screen-reader-text\"> de &laquo;&nbsp;Accueil V\u00e9lo&nbsp;&raquo;<\/span><\/a><\/p>\n","protected":false},"author":1,"featured_media":0,"parent":0,"menu_order":0,"comment_status":"closed","ping_status":"closed","template":"","meta":[],"_links":{"self":[{"href":"https:\/\/clos-saintpaterne.com\/index.php\/wp-json\/wp\/v2\/pages\/528"}],"collection":[{"href":"https:\/\/clos-saintpaterne.com\/index.php\/wp-json\/wp\/v2\/pages"}],"about":[{"href":"https:\/\/clos-saintpaterne.com\/index.php\/wp-json\/wp\/v2\/types\/page"}],"author":[{"embeddable":true,"href":"https:\/\/clos-saintpaterne.com\/index.php\/wp-json\/wp\/v2\/users\/1"}],"replies":[{"embeddable":true,"href":"https:\/\/clos-saintpaterne.com\/index.php\/wp-json\/wp\/v2\/comments?post=528"}],"version-history":[{"count":30,"href":"https:\/\/clos-saintpaterne.com\/index.php\/wp-json\/wp\/v2\/pages\/528\/revisions"}],"predecessor-version":[{"id":1403,"href":"https:\/\/clos-saintpaterne.com\/index.php\/wp-json\/wp\/v2\/pages\/528\/revisions\/1403"}],"wp:attachment":[{"href":"https:\/\/clos-saintpaterne.com\/index.php\/wp-json\/wp\/v2\/media?parent=528"}],"curies":[{"name":"wp","href":"https:\/\/api.w.org\/{rel}","templated":true}]}}